{"id":83,"date":"2018-08-02T11:17:23","date_gmt":"2018-08-02T09:17:23","guid":{"rendered":"http:\/\/www.unuetzer-events.de\/?page_id=83"},"modified":"2024-01-30T09:26:13","modified_gmt":"2024-01-30T08:26:13","slug":"schwerpunkte","status":"publish","type":"page","link":"http:\/\/www.unuetzer-events.de\/marie-unuetzer-events\/schwerpunkte\/","title":{"rendered":"Schwerpunkte"},"content":{"rendered":"<p>Events aller Art, von der gro\u00dfen Geburtstagsfeier, \u00fcber das Sommerfest deiner Firma, bis hin zur Aktion\u00e4rshauptversammlung.<\/p>\n<p>Mit viel Liebe, Elan, Organisationsgeschick und Herz biete ich das komplette Paket. Von der dem individuellen Einladung bis hin zum Kehraus nach der Veranstaltung.<\/p>\n","protected":false},"excerpt":{"rendered":"<p>Events aller Art, von der gro\u00dfen Geburtstagsfeier, \u00fcber das Sommerfest deiner Firma, bis hin zur Aktion\u00e4rshauptversammlung. Mit viel Liebe, Elan, Organisationsgeschick und Herz biete ich das komplette Paket. Von der dem individuellen Einladung bis hin zum Kehraus nach der Veranstaltung.<\/p>\n","protected":false},"author":1,"featured_media":0,"parent":0,"menu_order":0,"comment_status":"closed","ping_status":"closed","template":"","meta":{"footnotes":""},"_links":{"self":[{"href":"http:\/\/www.unuetzer-events.de\/marie-unuetzer-events\/wp-json\/wp\/v2\/pages\/83"}],"collection":[{"href":"http:\/\/www.unuetzer-events.de\/marie-unuetzer-events\/wp-json\/wp\/v2\/pages"}],"about":[{"href":"http:\/\/www.unuetzer-events.de\/marie-unuetzer-events\/wp-json\/wp\/v2\/types\/page"}],"author":[{"embeddable":true,"href":"http:\/\/www.unuetzer-events.de\/marie-unuetzer-events\/wp-json\/wp\/v2\/users\/1"}],"replies":[{"embeddable":true,"href":"http:\/\/www.unuetzer-events.de\/marie-unuetzer-events\/wp-json\/wp\/v2\/comments?post=83"}],"version-history":[{"count":2,"href":"http:\/\/www.unuetzer-events.de\/marie-unuetzer-events\/wp-json\/wp\/v2\/pages\/83\/revisions"}],"predecessor-version":[{"id":99,"href":"http:\/\/www.unuetzer-events.de\/marie-unuetzer-events\/wp-json\/wp\/v2\/pages\/83\/revisions\/99"}],"wp:attachment":[{"href":"http:\/\/www.unuetzer-events.de\/marie-unuetzer-events\/wp-json\/wp\/v2\/media?parent=83"}],"curies":[{"name":"wp","href":"https:\/\/api.w.org\/{rel}","templated":true}]}}